{"id":7588,"date":"2025-04-25T14:20:10","date_gmt":"2025-04-25T14:20:10","guid":{"rendered":"https:\/\/injuredvetedev.wpenginepowered.com\/news-media\/"},"modified":"2025-09-15T13:58:18","modified_gmt":"2025-09-15T13:58:18","slug":"news-media","status":"publish","type":"page","link":"https:\/\/www.injuredveterans.com\/es\/news-media\/","title":{"rendered":"Noticias y medios"},"content":{"rendered":"<p><div class=\"fusion-fullwidth fullwidth-box fusion-builder-row-1 fusion-flex-container has-pattern-background has-mask-background fusion-parallax-none nonhundred-percent-fullwidth non-hundred-percent-height-scrolling inner_banner_section\" style=\"--awb-border-radius-top-left:0px;--awb-border-radius-top-right:0px;--awb-border-radius-bottom-right:0px;--awb-border-radius-bottom-left:0px;--awb-padding-top:45px;--awb-padding-bottom:25px;--awb-background-image:url(&quot;https:\/\/www.injuredveterans.com\/wp-content\/uploads\/2025\/04\/image-3-scaled.jpg&quot;);--awb-background-size:cover;--awb-flex-wrap:wrap;\" ><div class=\"fusion-builder-row fusion-row fusion-flex-align-items-center fusion-flex-content-wrap\" style=\"max-width:1414.4px;margin-left: calc(-4% \/ 2 );margin-right: calc(-4% \/ 2 );\"><div class=\"fusion-layout-column fusion_builder_column fusion-builder-column-0 fusion_builder_column_1_1 1_1 fusion-flex-column\" style=\"--awb-bg-size:cover;--awb-width-large:100%;--awb-margin-top-large:0px;--awb-spacing-right-large:1.92%;--awb-margin-bottom-large:20px;--awb-spacing-left-large:1.92%;--awb-width-medium:100%;--awb-order-medium:0;--awb-spacing-right-medium:1.92%;--awb-spacing-left-medium:1.92%;--awb-width-small:100%;--awb-order-small:0;--awb-spacing-right-small:1.92%;--awb-spacing-left-small:1.92%;\"><div class=\"fusion-column-wrapper fusion-column-has-shadow fusion-flex-justify-content-flex-start fusion-content-layout-column\"><div class=\"fusion-title title fusion-title-1 fusion-sep-none fusion-title-center fusion-title-text fusion-title-size-one\" style=\"--awb-text-color:#ffffff;--awb-margin-top-small:10px;--awb-margin-right-small:0px;--awb-margin-bottom-small:10px;--awb-margin-left-small:0px;\"><h1 class=\"fusion-title-heading title-heading-center\" style=\"margin:0;\">News &amp; Media<\/h1><\/div><\/div><\/div><\/div><\/div><div class=\"fusion-fullwidth fullwidth-box fusion-builder-row-2 fusion-flex-container has-pattern-background has-mask-background nonhundred-percent-fullwidth non-hundred-percent-height-scrolling blog_posts_sec news_page_posts\" style=\"--awb-background-position:left top;--awb-border-radius-top-left:0px;--awb-border-radius-top-right:0px;--awb-border-radius-bottom-right:0px;--awb-border-radius-bottom-left:0px;--awb-padding-top:45px;--awb-padding-bottom:60px;--awb-padding-top-small:20px;--awb-background-size:79px 90px;--awb-flex-wrap:wrap;\" ><div class=\"fusion-builder-row fusion-row fusion-flex-align-items-flex-start fusion-flex-content-wrap\" style=\"max-width:1414.4px;margin-left: calc(-4% \/ 2 );margin-right: calc(-4% \/ 2 );\"><div class=\"fusion-layout-column fusion_builder_column fusion-builder-column-1 fusion_builder_column_1_1 1_1 fusion-flex-column\" style=\"--awb-bg-size:cover;--awb-width-large:100%;--awb-margin-top-large:0px;--awb-spacing-right-large:1.92%;--awb-margin-bottom-large:20px;--awb-spacing-left-large:1.92%;--awb-width-medium:100%;--awb-order-medium:0;--awb-spacing-right-medium:1.92%;--awb-spacing-left-medium:1.92%;--awb-width-small:100%;--awb-order-small:0;--awb-spacing-right-small:1.92%;--awb-spacing-left-small:1.92%;\"><div class=\"fusion-column-wrapper fusion-column-has-shadow fusion-flex-justify-content-flex-start fusion-content-layout-column\"><div class=\"fusion-blog-shortcode fusion-blog-shortcode-1 fusion-blog-archive fusion-blog-layout-medium-alternate fusion-blog-infinite fusion-blog-no-images\"><div class=\"fusion-posts-container fusion-posts-container-infinite fusion-posts-container-load-more\" data-pages=\"9\"><article id=\"blog-1-post-7860\" class=\"fusion-post-medium-alternate post-7860 post type-post status-publish format-standard hentry category-sin-categoria\">\n<div class=\"fusion-date-and-formats\"><div class=\"fusion-date-box updated\"><span class=\"fusion-date\">30<\/span><span class=\"fusion-month-year\">Abr<\/span><\/div><div class=\"fusion-format-box\"><i class=\"awb-icon-pen\" aria-hidden=\"true\"><\/i><\/div><\/div><div class=\"fusion-post-content post-content\"><h2 class=\"blog-shortcode-post-title\"><a href=\"https:\/\/www.injuredveterans.com\/es\/tasa-de-exito-de-apelaciones-por-discapacidad-del-va\/\">Tasa de \u00c9xito de Apelaciones por Discapacidad del VA: Lo que Dicen los Datos<\/a><\/h2><p class=\"fusion-single-line-meta\"><span>30 de abril de 2026<\/span><span class=\"fusion-inline-sep\">|<\/span><\/p><div class=\"fusion-post-content-container\"><p>\u00bfQu\u00e9 porcentaje de apelaciones del VA son exitosas? Eso depende de la opci\u00f3n de apelaci\u00f3n y de la solidez de la evidencia proporcionada....<\/p><\/div><\/div><div class=\"fusion-clearfix\"><\/div><div class=\"fusion-meta-info\"><div class=\"fusion-alignright\"><a class=\"fusion-read-more\" href=\"https:\/\/www.injuredveterans.com\/es\/tasa-de-exito-de-apelaciones-por-discapacidad-del-va\/\" aria-label=\"More on Tasa de \u00c9xito de Apelaciones por Discapacidad del VA: Lo que Dicen los Datos\">Read More<\/a><\/div><\/div><\/article>\n<article id=\"blog-1-post-7818\" class=\"fusion-post-medium-alternate post-7818 post type-post status-publish format-standard hentry category-veteran-news\">\n<div class=\"fusion-date-and-formats\"><div class=\"fusion-date-box updated\"><span class=\"fusion-date\">1<\/span><span class=\"fusion-month-year\">Mar<\/span><\/div><div class=\"fusion-format-box\"><i class=\"awb-icon-pen\" aria-hidden=\"true\"><\/i><\/div><\/div><div class=\"fusion-post-content post-content\"><h2 class=\"blog-shortcode-post-title\"><a href=\"https:\/\/www.injuredveterans.com\/es\/reclamacion-de-va-denegada\/\">\u00bfReclamaci\u00f3n del VA denegada ? Qu\u00e9 hacer<\/a><\/h2><p class=\"fusion-single-line-meta\"><span>1 de marzo de 2026<\/span><span class=\"fusion-inline-sep\">|<\/span><\/p><div class=\"fusion-post-content-container\"><p>Es incre\u00edblemente frustrante que una solicitud del VA sea rechazada , especialmente despu\u00e9s del tiempo y el esfuerzo invertidos en la solicitud. Pero...<\/p><\/div><\/div><div class=\"fusion-clearfix\"><\/div><div class=\"fusion-meta-info\"><div class=\"fusion-alignright\"><a class=\"fusion-read-more\" href=\"https:\/\/www.injuredveterans.com\/es\/reclamacion-de-va-denegada\/\" aria-label=\"More on \u00bfReclamaci\u00f3n del VA denegada ? Qu\u00e9 hacer\">Read More<\/a><\/div><\/div><\/article>\n<article id=\"blog-1-post-7824\" class=\"fusion-post-medium-alternate post-7824 post type-post status-publish format-standard hentry category-veteran-news\">\n<div class=\"fusion-date-and-formats\"><div class=\"fusion-date-box updated\"><span class=\"fusion-date\">9<\/span><span class=\"fusion-month-year\">Feb<\/span><\/div><div class=\"fusion-format-box\"><i class=\"awb-icon-pen\" aria-hidden=\"true\"><\/i><\/div><\/div><div class=\"fusion-post-content post-content\"><h2 class=\"blog-shortcode-post-title\"><a href=\"https:\/\/www.injuredveterans.com\/es\/matematicas-de-discapacidad-del-va\/\">C\u00f3mo funcionan las matem\u00e1ticas de discapacidad del VA<\/a><\/h2><p class=\"fusion-single-line-meta\"><span>9 de febrero de 2026<\/span><span class=\"fusion-inline-sep\">|<\/span><\/p><div class=\"fusion-post-content-container\"><p>Los veteranos a menudo encuentran que el c\u00e1lculo de la discapacidad del VA es m\u00e1s complejo de lo esperado. Probablemente lo haya notado...<\/p><\/div><\/div><div class=\"fusion-clearfix\"><\/div><div class=\"fusion-meta-info\"><div class=\"fusion-alignright\"><a class=\"fusion-read-more\" href=\"https:\/\/www.injuredveterans.com\/es\/matematicas-de-discapacidad-del-va\/\" aria-label=\"More on C\u00f3mo funcionan las matem\u00e1ticas de discapacidad del VA\">Read More<\/a><\/div><\/div><\/article>\n<article id=\"blog-1-post-7830\" class=\"fusion-post-medium-alternate post-7830 post type-post status-publish format-standard hentry category-veteran-news\">\n<div class=\"fusion-date-and-formats\"><div class=\"fusion-date-box updated\"><span class=\"fusion-date\">15<\/span><span class=\"fusion-month-year\">Ene<\/span><\/div><div class=\"fusion-format-box\"><i class=\"awb-icon-pen\" aria-hidden=\"true\"><\/i><\/div><\/div><div class=\"fusion-post-content post-content\"><h2 class=\"blog-shortcode-post-title\"><a href=\"https:\/\/www.injuredveterans.com\/es\/fechas-de-pago-del-va-2026\/\">Tabla de pagos por discapacidad del VA de 2026 (Tarifas y fechas oficiales)<\/a><\/h2><p class=\"fusion-single-line-meta\"><span>15 de enero de 2026<\/span><span class=\"fusion-inline-sep\">|<\/span><\/p><div class=\"fusion-post-content-container\"><p>Para 2026, las tasas de discapacidad del VA aumentar\u00e1n un 2,8 % con respecto al a\u00f1o anterior.\u00b9 Las tasas actualizadas, establecidas por el...<\/p><\/div><\/div><div class=\"fusion-clearfix\"><\/div><div class=\"fusion-meta-info\"><div class=\"fusion-alignright\"><a class=\"fusion-read-more\" href=\"https:\/\/www.injuredveterans.com\/es\/fechas-de-pago-del-va-2026\/\" aria-label=\"More on Tabla de pagos por discapacidad del VA de 2026 (Tarifas y fechas oficiales)\">Read More<\/a><\/div><\/div><\/article>\n<article id=\"blog-1-post-7759\" class=\"fusion-post-medium-alternate post-7759 post type-post status-publish format-standard hentry category-veteran-news\">\n<div class=\"fusion-date-and-formats\"><div class=\"fusion-date-box updated\"><span class=\"fusion-date\">5<\/span><span class=\"fusion-month-year\">Nov<\/span><\/div><div class=\"fusion-format-box\"><i class=\"awb-icon-pen\" aria-hidden=\"true\"><\/i><\/div><\/div><div class=\"fusion-post-content post-content\"><h2 class=\"blog-shortcode-post-title\"><a href=\"https:\/\/www.injuredveterans.com\/es\/evidencia-de-discapacidad-de-va\/\">Recopilaci\u00f3n de tipos de evidencia para reclamos por discapacidad del VA: Qu\u00e9 necesita para ganar<\/a><\/h2><p class=\"fusion-single-line-meta\"><span>5 de noviembre de 2025<\/span><span class=\"fusion-inline-sep\">|<\/span><\/p><div class=\"fusion-post-content-container\"><p>Si est\u00e1 leyendo esta gu\u00eda, probablemente se enfrente al reto de reunir pruebas para su solicitud de discapacidad ante el VA. Como abogados...<\/p><\/div><\/div><div class=\"fusion-clearfix\"><\/div><div class=\"fusion-meta-info\"><div class=\"fusion-alignright\"><a class=\"fusion-read-more\" href=\"https:\/\/www.injuredveterans.com\/es\/evidencia-de-discapacidad-de-va\/\" aria-label=\"More on Recopilaci\u00f3n de tipos de evidencia para reclamos por discapacidad del VA: Qu\u00e9 necesita para ganar\">Read More<\/a><\/div><\/div><\/article>\n<article id=\"blog-1-post-7687\" class=\"fusion-post-medium-alternate post-7687 post type-post status-publish format-standard hentry category-sin-categoria\">\n<div class=\"fusion-date-and-formats\"><div class=\"fusion-date-box updated\"><span class=\"fusion-date\">31<\/span><span class=\"fusion-month-year\">Oct<\/span><\/div><div class=\"fusion-format-box\"><i class=\"awb-icon-pen\" aria-hidden=\"true\"><\/i><\/div><\/div><div class=\"fusion-post-content post-content\"><h2 class=\"blog-shortcode-post-title\"><a href=\"https:\/\/www.injuredveterans.com\/es\/como-prepararse-para-el-examen-cp\/\">C\u00f3mo prepararse para el examen C&#038;P<\/a><\/h2><p class=\"fusion-single-line-meta\"><span>31 de octubre de 2025<\/span><span class=\"fusion-inline-sep\">|<\/span><\/p><div class=\"fusion-post-content-container\"><p>La clave para obtener una buena compensaci\u00f3n del VA no est\u00e1 en \"aguantar\" ni en minimizar sus molestias. El resultado final depende 100%...<\/p><\/div><\/div><div class=\"fusion-clearfix\"><\/div><div class=\"fusion-meta-info\"><div class=\"fusion-alignright\"><a class=\"fusion-read-more\" href=\"https:\/\/www.injuredveterans.com\/es\/como-prepararse-para-el-examen-cp\/\" aria-label=\"More on C\u00f3mo prepararse para el examen C&#038;P\">Read More<\/a><\/div><\/div><\/article>\n<article id=\"blog-1-post-7680\" class=\"fusion-post-medium-alternate post-7680 post type-post status-publish format-standard hentry category-veteran-news\">\n<div class=\"fusion-date-and-formats\"><div class=\"fusion-date-box updated\"><span class=\"fusion-date\">24<\/span><span class=\"fusion-month-year\">Oct<\/span><\/div><div class=\"fusion-format-box\"><i class=\"awb-icon-pen\" aria-hidden=\"true\"><\/i><\/div><\/div><div class=\"fusion-post-content post-content\"><h2 class=\"blog-shortcode-post-title\"><a href=\"https:\/\/www.injuredveterans.com\/es\/como-aumentar-su-calificacion-de-discapacidad-del-va\/\">C\u00f3mo Aumentar su Calificaci\u00f3n de Discapacidad del VA: La Gu\u00eda Completa para Veteranos (2026)<\/a><\/h2><p class=\"fusion-single-line-meta\"><span>24 de octubre de 2025<\/span><span class=\"fusion-inline-sep\">|<\/span><\/p><div class=\"fusion-post-content-container\"><p>Puntos Clave Los veteranos pueden aumentar su calificaci\u00f3n de discapacidad del VA al seguir estos pasos: reunir evidencia m\u00e9dica actualizada, presentar el Formulario...<\/p><\/div><\/div><div class=\"fusion-clearfix\"><\/div><div class=\"fusion-meta-info\"><div class=\"fusion-alignright\"><a class=\"fusion-read-more\" href=\"https:\/\/www.injuredveterans.com\/es\/como-aumentar-su-calificacion-de-discapacidad-del-va\/\" aria-label=\"More on C\u00f3mo Aumentar su Calificaci\u00f3n de Discapacidad del VA: La Gu\u00eda Completa para Veteranos (2026)\">Read More<\/a><\/div><\/div><\/article>\n<article id=\"blog-1-post-7681\" class=\"fusion-post-medium-alternate post-7681 post type-post status-publish format-standard hentry category-veteran-news\">\n<div class=\"fusion-date-and-formats\"><div class=\"fusion-date-box updated\"><span class=\"fusion-date\">17<\/span><span class=\"fusion-month-year\">Oct<\/span><\/div><div class=\"fusion-format-box\"><i class=\"awb-icon-pen\" aria-hidden=\"true\"><\/i><\/div><\/div><div class=\"fusion-post-content post-content\"><h2 class=\"blog-shortcode-post-title\"><a href=\"https:\/\/www.injuredveterans.com\/es\/como-presentar-una-reclamacion-de-discapacidad-de-va\/\">C\u00f3mo presentar una solicitud de discapacidad ante el Departamento de Asuntos de Veteranos (VA) en 2026<\/a><\/h2><p class=\"fusion-single-line-meta\"><span>17 de octubre de 2025<\/span><span class=\"fusion-inline-sep\">|<\/span><\/p><div class=\"fusion-post-content-container\"><p>Presentar una solicitud de discapacidad ante el VA puede ser un proceso complejo y estresante, especialmente para quienes lo hacen por primera vez...<\/p><\/div><\/div><div class=\"fusion-clearfix\"><\/div><div class=\"fusion-meta-info\"><div class=\"fusion-alignright\"><a class=\"fusion-read-more\" href=\"https:\/\/www.injuredveterans.com\/es\/como-presentar-una-reclamacion-de-discapacidad-de-va\/\" aria-label=\"More on C\u00f3mo presentar una solicitud de discapacidad ante el Departamento de Asuntos de Veteranos (VA) en 2026\">Read More<\/a><\/div><\/div><\/article>\n<\/div><div class=\"fusion-infinite-scroll-trigger\"><\/div><div class=\"pagination infinite-scroll clearfix\" style=\"display:none;\"><span class=\"current\">1<\/span><a href=\"https:\/\/www.injuredveterans.com\/es\/wp-json\/wp\/v2\/pages\/7588\/page\/2\/\" class=\"inactive\">2<\/a><a class=\"pagination-next\" rel=\"next\" href=\"https:\/\/www.injuredveterans.com\/es\/wp-json\/wp\/v2\/pages\/7588\/page\/2\/\"><span class=\"page-text\">Next<\/span><span class=\"page-next\"><\/span><\/a><\/div><div class=\"fusion-clearfix\"><\/div><button class=\"fusion-load-more-button fusion-blog-button fusion-clearfix\">Load More Posts<\/button><\/div><\/div><\/div><\/div><\/div><\/p>\n","protected":false},"excerpt":{"rendered":"","protected":false},"author":1,"featured_media":0,"parent":0,"menu_order":0,"comment_status":"closed","ping_status":"closed","template":"100-width.php","meta":{"footnotes":""},"class_list":["post-7588","page","type-page","status-publish","hentry"],"yoast_head":"<!-- This site is optimized with the Yoast SEO plugin v27.5 - https:\/\/yoast.com\/product\/yoast-seo-wordpress\/ -->\n<title>Noticias y medios - Disabled Veteran Benefits Attorneys<\/title>\n<meta name=\"robots\" content=\"index, follow, max-snippet:-1, max-image-preview:large, max-video-preview:-1\" \/>\n<link rel=\"canonical\" href=\"https:\/\/www.injuredveterans.com\/es\/news-media\/\" \/>\n<meta property=\"og:locale\" content=\"es_ES\" \/>\n<meta property=\"og:type\" content=\"article\" \/>\n<meta property=\"og:title\" content=\"Noticias y medios - Disabled Veteran Benefits Attorneys\" \/>\n<meta property=\"og:url\" content=\"https:\/\/www.injuredveterans.com\/es\/news-media\/\" \/>\n<meta property=\"og:site_name\" content=\"Disabled Veteran Benefits Attorneys\" \/>\n<meta property=\"article:modified_time\" content=\"2025-09-15T13:58:18+00:00\" \/>\n<meta name=\"twitter:card\" content=\"summary_large_image\" \/>\n<meta name=\"twitter:label1\" content=\"Tiempo de lectura\" \/>\n\t<meta name=\"twitter:data1\" content=\"12 minutos\" \/>\n<script type=\"application\/ld+json\" class=\"yoast-schema-graph\">{\"@context\":\"https:\\\/\\\/schema.org\",\"@graph\":[{\"@type\":\"WebPage\",\"@id\":\"https:\\\/\\\/www.injuredveterans.com\\\/es\\\/news-media\\\/\",\"url\":\"https:\\\/\\\/www.injuredveterans.com\\\/es\\\/news-media\\\/\",\"name\":\"Noticias y medios - Disabled Veteran Benefits Attorneys\",\"isPartOf\":{\"@id\":\"https:\\\/\\\/www.injuredveterans.com\\\/es\\\/#website\"},\"datePublished\":\"2025-04-25T14:20:10+00:00\",\"dateModified\":\"2025-09-15T13:58:18+00:00\",\"breadcrumb\":{\"@id\":\"https:\\\/\\\/www.injuredveterans.com\\\/es\\\/news-media\\\/#breadcrumb\"},\"inLanguage\":\"es\",\"potentialAction\":[{\"@type\":\"ReadAction\",\"target\":[\"https:\\\/\\\/www.injuredveterans.com\\\/es\\\/news-media\\\/\"]}]},{\"@type\":\"BreadcrumbList\",\"@id\":\"https:\\\/\\\/www.injuredveterans.com\\\/es\\\/news-media\\\/#breadcrumb\",\"itemListElement\":[{\"@type\":\"ListItem\",\"position\":1,\"name\":\"Home\",\"item\":\"https:\\\/\\\/www.injuredveterans.com\\\/es\\\/\"},{\"@type\":\"ListItem\",\"position\":2,\"name\":\"Noticias y medios\"}]},{\"@type\":\"WebSite\",\"@id\":\"https:\\\/\\\/www.injuredveterans.com\\\/es\\\/#website\",\"url\":\"https:\\\/\\\/www.injuredveterans.com\\\/es\\\/\",\"name\":\"Disabled Veteran Benefits Attorneys\",\"description\":\"\",\"potentialAction\":[{\"@type\":\"SearchAction\",\"target\":{\"@type\":\"EntryPoint\",\"urlTemplate\":\"https:\\\/\\\/www.injuredveterans.com\\\/es\\\/?s={search_term_string}\"},\"query-input\":{\"@type\":\"PropertyValueSpecification\",\"valueRequired\":true,\"valueName\":\"search_term_string\"}}],\"inLanguage\":\"es\"}]}<\/script>\n<!-- \/ Yoast SEO plugin. -->","yoast_head_json":{"title":"Noticias y medios - Disabled Veteran Benefits Attorneys","robots":{"index":"index","follow":"follow","max-snippet":"max-snippet:-1","max-image-preview":"max-image-preview:large","max-video-preview":"max-video-preview:-1"},"canonical":"https:\/\/www.injuredveterans.com\/es\/news-media\/","og_locale":"es_ES","og_type":"article","og_title":"Noticias y medios - Disabled Veteran Benefits Attorneys","og_url":"https:\/\/www.injuredveterans.com\/es\/news-media\/","og_site_name":"Disabled Veteran Benefits Attorneys","article_modified_time":"2025-09-15T13:58:18+00:00","twitter_card":"summary_large_image","twitter_misc":{"Tiempo de lectura":"12 minutos"},"schema":{"@context":"https:\/\/schema.org","@graph":[{"@type":"WebPage","@id":"https:\/\/www.injuredveterans.com\/es\/news-media\/","url":"https:\/\/www.injuredveterans.com\/es\/news-media\/","name":"Noticias y medios - Disabled Veteran Benefits Attorneys","isPartOf":{"@id":"https:\/\/www.injuredveterans.com\/es\/#website"},"datePublished":"2025-04-25T14:20:10+00:00","dateModified":"2025-09-15T13:58:18+00:00","breadcrumb":{"@id":"https:\/\/www.injuredveterans.com\/es\/news-media\/#breadcrumb"},"inLanguage":"es","potentialAction":[{"@type":"ReadAction","target":["https:\/\/www.injuredveterans.com\/es\/news-media\/"]}]},{"@type":"BreadcrumbList","@id":"https:\/\/www.injuredveterans.com\/es\/news-media\/#breadcrumb","itemListElement":[{"@type":"ListItem","position":1,"name":"Home","item":"https:\/\/www.injuredveterans.com\/es\/"},{"@type":"ListItem","position":2,"name":"Noticias y medios"}]},{"@type":"WebSite","@id":"https:\/\/www.injuredveterans.com\/es\/#website","url":"https:\/\/www.injuredveterans.com\/es\/","name":"Disabled Veteran Benefits Attorneys","description":"","potentialAction":[{"@type":"SearchAction","target":{"@type":"EntryPoint","urlTemplate":"https:\/\/www.injuredveterans.com\/es\/?s={search_term_string}"},"query-input":{"@type":"PropertyValueSpecification","valueRequired":true,"valueName":"search_term_string"}}],"inLanguage":"es"}]}},"_links":{"self":[{"href":"https:\/\/www.injuredveterans.com\/es\/wp-json\/wp\/v2\/pages\/7588","targetHints":{"allow":["GET"]}}],"collection":[{"href":"https:\/\/www.injuredveterans.com\/es\/wp-json\/wp\/v2\/pages"}],"about":[{"href":"https:\/\/www.injuredveterans.com\/es\/wp-json\/wp\/v2\/types\/page"}],"author":[{"embeddable":true,"href":"https:\/\/www.injuredveterans.com\/es\/wp-json\/wp\/v2\/users\/1"}],"replies":[{"embeddable":true,"href":"https:\/\/www.injuredveterans.com\/es\/wp-json\/wp\/v2\/comments?post=7588"}],"version-history":[{"count":0,"href":"https:\/\/www.injuredveterans.com\/es\/wp-json\/wp\/v2\/pages\/7588\/revisions"}],"wp:attachment":[{"href":"https:\/\/www.injuredveterans.com\/es\/wp-json\/wp\/v2\/media?parent=7588"}],"curies":[{"name":"wp","href":"https:\/\/api.w.org\/{rel}","templated":true}]}}